{"id":7425,"date":"2023-10-13T12:29:11","date_gmt":"2023-10-13T12:29:11","guid":{"rendered":"https:\/\/clickhorse.mediya.dev\/newsletter\/"},"modified":"2025-08-19T10:13:02","modified_gmt":"2025-08-19T10:13:02","slug":"newsletter","status":"publish","type":"page","link":"https:\/\/www.clickhorse-marketing.com\/de\/newsletter\/","title":{"rendered":"Newsletter"},"content":{"rendered":"\t\t<div data-elementor-type=\"wp-page\" data-elementor-id=\"7425\" class=\"elementor elementor-7425 elementor-20\" data-elementor-post-type=\"page\">\n\t\t\t\t\t\t<section class=\"elementor-section elementor-top-section elementor-element elementor-element-7ba4eac1 elementor-section-boxed elementor-section-height-default elementor-section-height-default\" data-id=\"7ba4eac1\" data-element_type=\"section\" data-settings=\"{&quot;background_background&quot;:&quot;classic&quot;}\">\n\t\t\t\t\t\t<div class=\"elementor-container elementor-column-gap-default\">\n\t\t\t\t\t<div class=\"elementor-column elementor-col-100 elementor-top-column elementor-element elementor-element-3bcfc73\" data-id=\"3bcfc73\" data-element_type=\"column\">\n\t\t\t<div class=\"elementor-widget-wrap elementor-element-populated\">\n\t\t\t\t\t\t<section class=\"elementor-section elementor-inner-section elementor-element elementor-element-4f260680 elementor-section-boxed elementor-section-height-default elementor-section-height-default\" data-id=\"4f260680\" data-element_type=\"section\">\n\t\t\t\t\t\t<div class=\"elementor-container elementor-column-gap-default\">\n\t\t\t\t\t<div class=\"elementor-column elementor-col-100 elementor-inner-column elementor-element elementor-element-6d23f2ef\" data-id=\"6d23f2ef\" data-element_type=\"column\">\n\t\t\t<div class=\"elementor-widget-wrap elementor-element-populated\">\n\t\t\t\t\t\t<div class=\"elementor-element elementor-element-318b5485 elementor-widget elementor-widget-heading\" data-id=\"318b5485\" data-element_type=\"widget\" data-widget_type=\"heading.default\">\n\t\t\t\t<div class=\"elementor-widget-container\">\n\t\t\t\t\t<h1 class=\"elementor-heading-title elementor-size-default\">Unser Wissen \u00fcber Online-Marketing in eurem Posteingang<\/h1>\t\t\t\t<\/div>\n\t\t\t\t<\/div>\n\t\t\t\t<div class=\"elementor-element elementor-element-b7b92ae elementor-widget__width-initial elementor-widget elementor-widget-heading\" data-id=\"b7b92ae\" data-element_type=\"widget\" data-widget_type=\"heading.default\">\n\t\t\t\t<div class=\"elementor-widget-container\">\n\t\t\t\t\t<h6 class=\"elementor-heading-title elementor-size-default\">In unserem E-Mail-Update erhaltet ihr sorgf\u00e4ltig zusammengestellte Informationen \u00fcber Online-Marketing. Das kann euch den n\u00f6tigen Schwung und die Motivation geben, um mit Online-Marketing langfristig zu arbeiten! Gut zu wissen: Mehr als 1.000 Pferdeunternehmer sind euch bereits vorausgegangen. Jede zweite Woche am Freitagmorgen erhaltet ihr das E-Mail-Update in eurer Mailbox.   <\/h6>\t\t\t\t<\/div>\n\t\t\t\t<\/div>\n\t\t\t\t<div class=\"elementor-element elementor-element-264a2ac elementor-widget elementor-widget-heading\" data-id=\"264a2ac\" data-element_type=\"widget\" data-widget_type=\"heading.default\">\n\t\t\t\t<div class=\"elementor-widget-container\">\n\t\t\t\t\t<h3 class=\"elementor-heading-title elementor-size-default\">Das ist jedes Mal enthalten<\/h3>\t\t\t\t<\/div>\n\t\t\t\t<\/div>\n\t\t\t\t\t<\/div>\n\t\t<\/div>\n\t\t\t\t\t<\/div>\n\t\t<\/section>\n\t\t\t\t<section class=\"elementor-section elementor-inner-section elementor-element elementor-element-2611157b elementor-section-boxed elementor-section-height-default elementor-section-height-default\" data-id=\"2611157b\" data-element_type=\"section\">\n\t\t\t\t\t\t<div class=\"elementor-container elementor-column-gap-default\">\n\t\t\t\t\t<div class=\"elementor-column elementor-col-100 elementor-inner-column elementor-element elementor-element-31ccaff2\" data-id=\"31ccaff2\" data-element_type=\"column\">\n\t\t\t<div class=\"elementor-widget-wrap elementor-element-populated\">\n\t\t\t\t\t\t<div class=\"elementor-element elementor-element-291f8950 elementor-position-left home-icon-with-text elementor-vertical-align-top elementor-widget elementor-widget-image-box\" data-id=\"291f8950\" data-element_type=\"widget\" data-widget_type=\"image-box.default\">\n\t\t\t\t<div class=\"elementor-widget-container\">\n\t\t\t\t\t<div class=\"elementor-image-box-wrapper\"><figure class=\"elementor-image-box-img\"><img decoding=\"async\" width=\"48\" height=\"76\" src=\"https:\/\/www.clickhorse-marketing.com\/wp-content\/uploads\/2023\/10\/Pijl-Steunkleur-CH-2.png\" class=\"attachment-full size-full wp-image-222\" alt=\"\" \/><\/figure><div class=\"elementor-image-box-content\"><h3 class=\"elementor-image-box-title\">Box-Artikel<\/h3><p class=\"elementor-image-box-description\">Wir stellen euch jedes Mal einen Fachartikel zum Thema Online-Marketing vor. Dies ist oft etwas, das wir selbst mit Interesse gelesen oder im Team ausf\u00fchrlich diskutiert haben.<\/p><\/div><\/div>\t\t\t\t<\/div>\n\t\t\t\t<\/div>\n\t\t\t\t<div class=\"elementor-element elementor-element-413c9cd8 elementor-position-left home-icon-with-text elementor-vertical-align-top elementor-widget elementor-widget-image-box\" data-id=\"413c9cd8\" data-element_type=\"widget\" data-widget_type=\"image-box.default\">\n\t\t\t\t<div class=\"elementor-widget-container\">\n\t\t\t\t\t<div class=\"elementor-image-box-wrapper\"><figure class=\"elementor-image-box-img\"><img decoding=\"async\" width=\"48\" height=\"76\" src=\"https:\/\/www.clickhorse-marketing.com\/wp-content\/uploads\/2023\/10\/Pijl-Steunkleur-CH-2.png\" class=\"attachment-full size-full wp-image-222\" alt=\"\" \/><\/figure><div class=\"elementor-image-box-content\"><h3 class=\"elementor-image-box-title\">Online-Marketing-Tipp<\/h3><p class=\"elementor-image-box-description\">Wir schicken euch jedes Mal einen Tipp f\u00fcr ein Werkzeug, eine Einstellung oder etwas anderes, das ihr tun oder nutzen k\u00f6nnt. Auf diese Weise stellt ihr sicher, dass ein ganzes Marketingteam f\u00fcr euch t\u00e4tig wird - schlie\u00dflich lieben wir Taschenspielertricks.\n<\/p><\/div><\/div>\t\t\t\t<\/div>\n\t\t\t\t<\/div>\n\t\t\t\t<div class=\"elementor-element elementor-element-36678b93 elementor-position-left home-icon-with-text elementor-vertical-align-top elementor-widget elementor-widget-image-box\" data-id=\"36678b93\" data-element_type=\"widget\" data-widget_type=\"image-box.default\">\n\t\t\t\t<div class=\"elementor-widget-container\">\n\t\t\t\t\t<div class=\"elementor-image-box-wrapper\"><figure class=\"elementor-image-box-img\"><img decoding=\"async\" width=\"48\" height=\"76\" src=\"https:\/\/www.clickhorse-marketing.com\/wp-content\/uploads\/2023\/10\/Pijl-Steunkleur-CH-2.png\" class=\"attachment-full size-full wp-image-222\" alt=\"\" \/><\/figure><div class=\"elementor-image-box-content\"><h3 class=\"elementor-image-box-title\">Vertiefung<\/h3><p class=\"elementor-image-box-description\">In unserem E-Mail-Update wird es jedes Mal auch ein bisschen mehr Tiefe geben. Dabei achten wir stets darauf, dass ihr dies sofort in die Praxis umsetzen k\u00f6nnt und wirklich davon profitiert.\n<\/p><\/div><\/div>\t\t\t\t<\/div>\n\t\t\t\t<\/div>\n\t\t\t\t<div class=\"elementor-element elementor-element-42df9f88 elementor-align-left elementor-mobile-align-center nieuwsbriefpopup elementor-widget elementor-widget-button\" data-id=\"42df9f88\" data-element_type=\"widget\" nieuwsbrief=\"\" data-widget_type=\"button.default\">\n\t\t\t\t<div class=\"elementor-widget-container\">\n\t\t\t\t\t\t\t\t\t<div class=\"elementor-button-wrapper\">\n\t\t\t\t\t<a class=\"elementor-button elementor-button-link elementor-size-sm\" href=\"#\">\n\t\t\t\t\t\t<span class=\"elementor-button-content-wrapper\">\n\t\t\t\t\t\t\t\t\t<span class=\"elementor-button-text\">Ja, ich m\u00f6chte es unbedingt erhalten<\/span>\n\t\t\t\t\t<\/span>\n\t\t\t\t\t<\/a>\n\t\t\t\t<\/div>\n\t\t\t\t\t\t\t\t<\/div>\n\t\t\t\t<\/div>\n\t\t\t\t\t<\/div>\n\t\t<\/div>\n\t\t\t\t\t<\/div>\n\t\t<\/section>\n\t\t\t\t\t<\/div>\n\t\t<\/div>\n\t\t\t\t\t<\/div>\n\t\t<\/section>\n\t\t\t\t<\/div>\n\t\t","protected":false},"excerpt":{"rendered":"<p>Unser Wissen \u00fcber Online-Marketing in eurem Posteingang In unserem E-Mail-Update erhaltet ihr sorgf\u00e4ltig zusammengestellte Informationen \u00fcber Online-Marketing. Das kann euch den n\u00f6tigen Schwung und die Motivation geben, um mit Online-Marketing langfristig zu arbeiten! Gut zu wissen: Mehr als 1.000 Pferdeunternehmer sind euch bereits vorausgegangen. Jede zweite Woche am Freitagmorgen erhaltet ihr das E-Mail-Update in eurer [&hellip;]<\/p>\n","protected":false},"author":1,"featured_media":0,"parent":0,"menu_order":0,"comment_status":"closed","ping_status":"closed","template":"elementor_header_footer","meta":{"footnotes":""},"class_list":["post-7425","page","type-page","status-publish","hentry"],"aioseo_notices":[],"_links":{"self":[{"href":"https:\/\/www.clickhorse-marketing.com\/de\/wp-json\/wp\/v2\/pages\/7425","targetHints":{"allow":["GET"]}}],"collection":[{"href":"https:\/\/www.clickhorse-marketing.com\/de\/wp-json\/wp\/v2\/pages"}],"about":[{"href":"https:\/\/www.clickhorse-marketing.com\/de\/wp-json\/wp\/v2\/types\/page"}],"author":[{"embeddable":true,"href":"https:\/\/www.clickhorse-marketing.com\/de\/wp-json\/wp\/v2\/users\/1"}],"replies":[{"embeddable":true,"href":"https:\/\/www.clickhorse-marketing.com\/de\/wp-json\/wp\/v2\/comments?post=7425"}],"version-history":[{"count":25,"href":"https:\/\/www.clickhorse-marketing.com\/de\/wp-json\/wp\/v2\/pages\/7425\/revisions"}],"predecessor-version":[{"id":10937,"href":"https:\/\/www.clickhorse-marketing.com\/de\/wp-json\/wp\/v2\/pages\/7425\/revisions\/10937"}],"wp:attachment":[{"href":"https:\/\/www.clickhorse-marketing.com\/de\/wp-json\/wp\/v2\/media?parent=7425"}],"curies":[{"name":"wp","href":"https:\/\/api.w.org\/{rel}","templated":true}]}}