{"id":7391,"date":"2023-10-19T13:01:06","date_gmt":"2023-10-19T13:01:06","guid":{"rendered":"https:\/\/clickhorse.mediya.dev\/strategie\/"},"modified":"2025-08-18T13:09:50","modified_gmt":"2025-08-18T13:09:50","slug":"strategie","status":"publish","type":"page","link":"https:\/\/www.clickhorse-marketing.com\/de\/strategie\/","title":{"rendered":"Strategie"},"content":{"rendered":"\t\t<div data-elementor-type=\"wp-page\" data-elementor-id=\"7391\" class=\"elementor elementor-7391 elementor-1043\" data-elementor-post-type=\"page\">\n\t\t\t\t\t\t<section class=\"elementor-section elementor-top-section elementor-element elementor-element-15258d3c elementor-section-boxed elementor-section-height-default elementor-section-height-default\" data-id=\"15258d3c\" data-element_type=\"section\" data-settings=\"{&quot;background_background&quot;:&quot;classic&quot;}\">\n\t\t\t\t\t\t\t<div class=\"elementor-background-overlay\"><\/div>\n\t\t\t\t\t\t\t<div class=\"elementor-container elementor-column-gap-default\">\n\t\t\t\t\t<div class=\"elementor-column elementor-col-100 elementor-top-column elementor-element elementor-element-373b5f40\" data-id=\"373b5f40\" data-element_type=\"column\">\n\t\t\t<div class=\"elementor-widget-wrap elementor-element-populated\">\n\t\t\t\t\t\t<div class=\"elementor-element elementor-element-2864cf6 elementor-widget elementor-widget-heading\" data-id=\"2864cf6\" data-element_type=\"widget\" data-widget_type=\"heading.default\">\n\t\t\t\t<div class=\"elementor-widget-container\">\n\t\t\t\t\t<h1 class=\"elementor-heading-title elementor-size-default\">Strategie und Konzepte<\/h1>\t\t\t\t<\/div>\n\t\t\t\t<\/div>\n\t\t\t\t<div class=\"elementor-element elementor-element-66e5929 elementor-widget elementor-widget-heading\" data-id=\"66e5929\" data-element_type=\"widget\" data-widget_type=\"heading.default\">\n\t\t\t\t<div class=\"elementor-widget-container\">\n\t\t\t\t\t<h2 class=\"elementor-heading-title elementor-size-default\">Zu komplexen Themen und Herausforderungen  <\/h2>\t\t\t\t<\/div>\n\t\t\t\t<\/div>\n\t\t\t\t\t<\/div>\n\t\t<\/div>\n\t\t\t\t\t<\/div>\n\t\t<\/section>\n\t\t\t\t<section class=\"elementor-section elementor-top-section elementor-element elementor-element-ff74d0e elementor-section-boxed elementor-section-height-default elementor-section-height-default\" data-id=\"ff74d0e\" data-element_type=\"section\">\n\t\t\t\t\t\t<div class=\"elementor-container elementor-column-gap-default\">\n\t\t\t\t\t<div class=\"elementor-column elementor-col-50 elementor-top-column elementor-element elementor-element-24406b56\" data-id=\"24406b56\" data-element_type=\"column\">\n\t\t\t<div class=\"elementor-widget-wrap elementor-element-populated\">\n\t\t\t\t\t\t<div class=\"elementor-element elementor-element-3b54c9a2 elementor-widget elementor-widget-image\" data-id=\"3b54c9a2\" data-element_type=\"widget\" data-widget_type=\"image.default\">\n\t\t\t\t<div class=\"elementor-widget-container\">\n\t\t\t\t\t\t\t\t\t\t\t\t\t\t\t<img fetchpriority=\"high\" decoding=\"async\" width=\"561\" height=\"413\" src=\"https:\/\/www.clickhorse-marketing.com\/wp-content\/uploads\/2023\/10\/Iemand.png\" class=\"attachment-full size-full wp-image-6947\" alt=\"\" srcset=\"https:\/\/www.clickhorse-marketing.com\/wp-content\/uploads\/2023\/10\/Iemand.png 561w, https:\/\/www.clickhorse-marketing.com\/wp-content\/uploads\/2023\/10\/Iemand-300x221.png 300w\" sizes=\"(max-width: 561px) 100vw, 561px\" \/>\t\t\t\t\t\t\t\t\t\t\t\t\t\t\t<\/div>\n\t\t\t\t<\/div>\n\t\t\t\t\t<\/div>\n\t\t<\/div>\n\t\t\t\t<div class=\"elementor-column elementor-col-50 elementor-top-column elementor-element elementor-element-1d0559d\" data-id=\"1d0559d\" data-element_type=\"column\">\n\t\t\t<div class=\"elementor-widget-wrap elementor-element-populated\">\n\t\t\t\t\t\t<div class=\"elementor-element elementor-element-5049d615 elementor-widget elementor-widget-heading\" data-id=\"5049d615\" data-element_type=\"widget\" data-widget_type=\"heading.default\">\n\t\t\t\t<div class=\"elementor-widget-container\">\n\t\t\t\t\t<h2 class=\"elementor-heading-title elementor-size-default\">Jemand, der mit euch denkt<\/h2>\t\t\t\t<\/div>\n\t\t\t\t<\/div>\n\t\t\t\t<div class=\"elementor-element elementor-element-5756bec4 elementor-widget elementor-widget-text-editor\" data-id=\"5756bec4\" data-element_type=\"widget\" data-widget_type=\"text-editor.default\">\n\t\t\t\t<div class=\"elementor-widget-container\">\n\t\t\t\t\t\t\t\t\t<p>Es ist nicht immer einfach, alle Entscheidungen allein zu treffen. Manchmal braucht man jemanden mit viel Erfahrung, der mit einem denkt und einem hilft, die Dinge aus einem anderen Blickwinkel zu sehen. Vielleicht wisst ihr nicht, mit welchen Marketingkan\u00e4len ihr jetzt wirklich arbeiten solltet. Vielleicht habt ihr Probleme mit der strategischen Positionierung eures Unternehmens im Vergleich zu anderen Unternehmen. Es kann auch sein, dass ihr einfach nicht mehr so gut erkennen k\u00f6nnt, welche Ziele ihr euch setzen k\u00f6nnt oder was die passenden KPIs sind.<br><br>Vielleicht habt ihr ein v\u00f6llig neues Angebot oder Produkt entwickelt und wollt es erfolgreich vermarkten und einf\u00fchren. Vielleicht habt auch ihr ein komplexes Problem oder bestimmte Herausforderungen, f\u00fcr die ihr Rat braucht.<\/p>\t\t\t\t\t\t\t\t<\/div>\n\t\t\t\t<\/div>\n\t\t\t\t\t<\/div>\n\t\t<\/div>\n\t\t\t\t\t<\/div>\n\t\t<\/section>\n\t\t\t\t<section class=\"elementor-section elementor-top-section elementor-element elementor-element-324db2d0 elementor-section-boxed elementor-section-height-default elementor-section-height-default\" data-id=\"324db2d0\" data-element_type=\"section\" data-settings=\"{&quot;background_background&quot;:&quot;classic&quot;}\">\n\t\t\t\t\t\t<div class=\"elementor-container elementor-column-gap-default\">\n\t\t\t\t\t<div class=\"elementor-column elementor-col-100 elementor-top-column elementor-element elementor-element-5d505a11\" data-id=\"5d505a11\" data-element_type=\"column\">\n\t\t\t<div class=\"elementor-widget-wrap elementor-element-populated\">\n\t\t\t\t\t\t<div class=\"elementor-element elementor-element-2e26fbcf elementor-widget elementor-widget-heading\" data-id=\"2e26fbcf\" data-element_type=\"widget\" data-widget_type=\"heading.default\">\n\t\t\t\t<div class=\"elementor-widget-container\">\n\t\t\t\t\t<h2 class=\"elementor-heading-title elementor-size-default\">Profitiert von unseren umfangreichen Erfahrungen und Kenntnissen<\/h2>\t\t\t\t<\/div>\n\t\t\t\t<\/div>\n\t\t\t\t<div class=\"elementor-element elementor-element-25ad03aa elementor-widget__width-initial elementor-widget elementor-widget-text-editor\" data-id=\"25ad03aa\" data-element_type=\"widget\" data-widget_type=\"text-editor.default\">\n\t\t\t\t<div class=\"elementor-widget-container\">\n\t\t\t\t\t\t\t\t\t<p>Ihr seid nicht allein! Wir sind bereit, diese Herausforderungen mit euch zu diskutieren und zu entwickeln. Wir helfen euch, euch zu positionieren, die geeigneten Kan\u00e4le auszuw\u00e4hlen, KPIs festzulegen, eure Strategie und Ziele zu definieren. Am Ende werdet ihr euch selbst ein Bild davon gemacht haben, was ihr wann und wie tun wollt. Ihr habt eine Strategie mit entsprechenden Zielvorgaben und Leistungsindikatoren, die wie ein Haus stehen. Ihr wisst, welche Kan\u00e4le ihr nutzen k\u00f6nnt und wie ihr euch richtig positionieren, um sich authentisch zu pr\u00e4sentieren.<\/p>\t\t\t\t\t\t\t\t<\/div>\n\t\t\t\t<\/div>\n\t\t\t\t\t<\/div>\n\t\t<\/div>\n\t\t\t\t\t<\/div>\n\t\t<\/section>\n\t\t\t\t<section class=\"elementor-section elementor-top-section elementor-element elementor-element-eeac71e elementor-section-boxed elementor-section-height-default elementor-section-height-default\" data-id=\"eeac71e\" data-element_type=\"section\">\n\t\t\t\t\t\t<div class=\"elementor-container elementor-column-gap-default\">\n\t\t\t\t\t<div class=\"elementor-column elementor-col-100 elementor-top-column elementor-element elementor-element-70b249c5\" data-id=\"70b249c5\" data-element_type=\"column\">\n\t\t\t<div class=\"elementor-widget-wrap elementor-element-populated\">\n\t\t\t\t\t\t<section class=\"elementor-section elementor-inner-section elementor-element elementor-element-557c460b elementor-section-boxed elementor-section-height-default elementor-section-height-default\" data-id=\"557c460b\" data-element_type=\"section\">\n\t\t\t\t\t\t<div class=\"elementor-container elementor-column-gap-default\">\n\t\t\t\t\t<div class=\"elementor-column elementor-col-100 elementor-inner-column elementor-element elementor-element-3485f9dc\" data-id=\"3485f9dc\" data-element_type=\"column\">\n\t\t\t<div class=\"elementor-widget-wrap elementor-element-populated\">\n\t\t\t\t\t\t<div class=\"elementor-element elementor-element-6ffa270 elementor-widget elementor-widget-heading\" data-id=\"6ffa270\" data-element_type=\"widget\" data-widget_type=\"heading.default\">\n\t\t\t\t<div class=\"elementor-widget-container\">\n\t\t\t\t\t<h2 class=\"elementor-heading-title elementor-size-default\">Beispiele daf\u00fcr, wie wir helfen k\u00f6nnen<\/h2>\t\t\t\t<\/div>\n\t\t\t\t<\/div>\n\t\t\t\t<div class=\"elementor-element elementor-element-31f26020 elementor-widget elementor-widget-heading\" data-id=\"31f26020\" data-element_type=\"widget\" data-widget_type=\"heading.default\">\n\t\t\t\t<div class=\"elementor-widget-container\">\n\t\t\t\t\t<h2 class=\"elementor-heading-title elementor-size-default\">Als strategischer Sparringspartner f\u00fcr eure Herausforderungen<\/h2>\t\t\t\t<\/div>\n\t\t\t\t<\/div>\n\t\t\t\t\t<\/div>\n\t\t<\/div>\n\t\t\t\t\t<\/div>\n\t\t<\/section>\n\t\t\t\t<section class=\"elementor-section elementor-inner-section elementor-element elementor-element-7c5e1c7d elementor-section-boxed elementor-section-height-default elementor-section-height-default\" data-id=\"7c5e1c7d\" data-element_type=\"section\">\n\t\t\t\t\t\t<div class=\"elementor-container elementor-column-gap-default\">\n\t\t\t\t\t<div class=\"elementor-column elementor-col-100 elementor-inner-column elementor-element elementor-element-59b271ce\" data-id=\"59b271ce\" data-element_type=\"column\">\n\t\t\t<div class=\"elementor-widget-wrap elementor-element-populated\">\n\t\t\t\t\t\t<div class=\"elementor-element elementor-element-710c98a9 elementor-position-left hoe-wij-icon-text elementor-vertical-align-top elementor-widget elementor-widget-image-box\" data-id=\"710c98a9\" data-element_type=\"widget\" data-widget_type=\"image-box.default\">\n\t\t\t\t<div class=\"elementor-widget-container\">\n\t\t\t\t\t<div class=\"elementor-image-box-wrapper\"><figure class=\"elementor-image-box-img\"><img decoding=\"async\" width=\"60\" height=\"65\" src=\"https:\/\/www.clickhorse-marketing.com\/wp-content\/uploads\/2023\/10\/Avatar-1.svg\" class=\"attachment-full size-full wp-image-913\" alt=\"\" \/><\/figure><div class=\"elementor-image-box-content\"><h3 class=\"elementor-image-box-title\">Erforschung der Kundenbed\u00fcrfnisse  <\/h3><p class=\"elementor-image-box-description\">Wir helfen euch herauszufinden, wo der Bedarf wirklich liegt, sei es durch einen Fragebogen oder in einem interaktiven Brainstorming oder einer Fokusgruppe. Wir haben reichlich Erfahrung in der Marktforschung.<\/p><\/div><\/div>\t\t\t\t<\/div>\n\t\t\t\t<\/div>\n\t\t\t\t<div class=\"elementor-element elementor-element-b2266d4 elementor-position-left hoe-wij-icon-text elementor-vertical-align-top elementor-widget elementor-widget-image-box\" data-id=\"b2266d4\" data-element_type=\"widget\" data-widget_type=\"image-box.default\">\n\t\t\t\t<div class=\"elementor-widget-container\">\n\t\t\t\t\t<div class=\"elementor-image-box-wrapper\"><figure class=\"elementor-image-box-img\"><img decoding=\"async\" width=\"60\" height=\"65\" src=\"https:\/\/www.clickhorse-marketing.com\/wp-content\/uploads\/2023\/10\/Avatar-1.svg\" class=\"attachment-full size-full wp-image-913\" alt=\"\" \/><\/figure><div class=\"elementor-image-box-content\"><h3 class=\"elementor-image-box-title\">Mitdenken \u00fcber eine komplexe Herausforderung<\/h3><p class=\"elementor-image-box-description\">Ihr habt eine schwierige Situation oder eine komplexe Herausforderung und suchen nach einer kreativen oder cleveren L\u00f6sung daf\u00fcr? Wir helfen euch, eure Herausforderung aus einem anderen Blickwinkel zu betrachten und beraten euch bei der Vorgehensweise.<\/p><\/div><\/div>\t\t\t\t<\/div>\n\t\t\t\t<\/div>\n\t\t\t\t<div class=\"elementor-element elementor-element-dc71cd5 elementor-position-left hoe-wij-icon-text elementor-vertical-align-top elementor-widget elementor-widget-image-box\" data-id=\"dc71cd5\" data-element_type=\"widget\" data-widget_type=\"image-box.default\">\n\t\t\t\t<div class=\"elementor-widget-container\">\n\t\t\t\t\t<div class=\"elementor-image-box-wrapper\"><figure class=\"elementor-image-box-img\"><img decoding=\"async\" width=\"60\" height=\"65\" src=\"https:\/\/www.clickhorse-marketing.com\/wp-content\/uploads\/2023\/10\/Avatar-1.svg\" class=\"attachment-full size-full wp-image-913\" alt=\"\" \/><\/figure><div class=\"elementor-image-box-content\"><h3 class=\"elementor-image-box-title\">Der richtige Einsatz von Zeit und Geld  <\/h3><p class=\"elementor-image-box-description\">Was wirkt sich im Moment am positivsten auf euer Unternehmen aus? Wir denken mit euch \u00fcber Alternativen nach und dar\u00fcber, wo ihr eure Zeit und euer Geld im Moment am besten investieren k\u00f6nnt, um gut zu wachsen oder eure Ziele zu erreichen.<\/p><\/div><\/div>\t\t\t\t<\/div>\n\t\t\t\t<\/div>\n\t\t\t\t<div class=\"elementor-element elementor-element-a13b210 elementor-position-left hoe-wij-icon-text elementor-vertical-align-top elementor-widget elementor-widget-image-box\" data-id=\"a13b210\" data-element_type=\"widget\" data-widget_type=\"image-box.default\">\n\t\t\t\t<div class=\"elementor-widget-container\">\n\t\t\t\t\t<div class=\"elementor-image-box-wrapper\"><figure class=\"elementor-image-box-img\"><img decoding=\"async\" width=\"60\" height=\"65\" src=\"https:\/\/www.clickhorse-marketing.com\/wp-content\/uploads\/2023\/10\/Avatar-1.svg\" class=\"attachment-full size-full wp-image-913\" alt=\"\" \/><\/figure><div class=\"elementor-image-box-content\"><h3 class=\"elementor-image-box-title\">Sparringspartner f\u00fcr Ziele und Messbarkeit<\/h3><p class=\"elementor-image-box-description\">Messen hei\u00dft wissen, und das ist nicht immer einfach. Wir k\u00f6nnen euch helfen, herauszufinden, welche Daten ihr kennen solltet, und euch dabei unterst\u00fctzen, diese messbar zu machen. Nat\u00fcrlich lassen wir es bei der Analyse dieser sch\u00f6nen neuen Daten auch nicht bewenden.<\/p><\/div><\/div>\t\t\t\t<\/div>\n\t\t\t\t<\/div>\n\t\t\t\t<div class=\"elementor-element elementor-element-7197518 elementor-position-left hoe-wij-icon-text elementor-vertical-align-top elementor-widget elementor-widget-image-box\" data-id=\"7197518\" data-element_type=\"widget\" data-widget_type=\"image-box.default\">\n\t\t\t\t<div class=\"elementor-widget-container\">\n\t\t\t\t\t<div class=\"elementor-image-box-wrapper\"><figure class=\"elementor-image-box-img\"><img decoding=\"async\" width=\"60\" height=\"65\" src=\"https:\/\/www.clickhorse-marketing.com\/wp-content\/uploads\/2023\/10\/Avatar-1.svg\" class=\"attachment-full size-full wp-image-913\" alt=\"\" \/><\/figure><div class=\"elementor-image-box-content\"><h3 class=\"elementor-image-box-title\">Entwicklung von Einf\u00fchrungs- und Kommunikationspl\u00e4nen<\/h3><p class=\"elementor-image-box-description\">Ihr habt eine neue Dienstleistung oder ein neues Produkt und m\u00f6chtet, dass es von der Zielgruppe optimal angenommen wird, oder aber ihr habt ein bestehendes Produkt, das wieder ins Bewusstsein ger\u00fcckt werden muss. Wir helfen euch bei der Erstellung und Umsetzung von Kommunikationspl\u00e4nen<\/p><\/div><\/div>\t\t\t\t<\/div>\n\t\t\t\t<\/div>\n\t\t\t\t\t<\/div>\n\t\t<\/div>\n\t\t\t\t\t<\/div>\n\t\t<\/section>\n\t\t\t\t\t<\/div>\n\t\t<\/div>\n\t\t\t\t\t<\/div>\n\t\t<\/section>\n\t\t\t\t<section class=\"elementor-section elementor-top-section elementor-element elementor-element-7f3dc090 elementor-section-boxed elementor-section-height-default elementor-section-height-default\" data-id=\"7f3dc090\" data-element_type=\"section\" data-settings=\"{&quot;background_background&quot;:&quot;classic&quot;}\">\n\t\t\t\t\t\t<div class=\"elementor-container elementor-column-gap-default\">\n\t\t\t\t\t<div class=\"elementor-column elementor-col-100 elementor-top-column elementor-element elementor-element-1df02217\" data-id=\"1df02217\" data-element_type=\"column\">\n\t\t\t<div class=\"elementor-widget-wrap elementor-element-populated\">\n\t\t\t\t\t\t<div class=\"elementor-element elementor-element-494d63b8 elementor-widget elementor-widget-heading\" data-id=\"494d63b8\" data-element_type=\"widget\" data-widget_type=\"heading.default\">\n\t\t\t\t<div class=\"elementor-widget-container\">\n\t\t\t\t\t<h2 class=\"elementor-heading-title elementor-size-default\">Das sagen andere \u00fcber unser Engagement<\/h2>\t\t\t\t<\/div>\n\t\t\t\t<\/div>\n\t\t\t\t<div class=\"elementor-element elementor-element-522ea0e elementor-testimonial--layout-image_left elementor-testimonial--align-left home-testimonial elementor-testimonial--skin-default elementor-arrows-yes elementor-widget elementor-widget-testimonial-carousel\" data-id=\"522ea0e\" data-element_type=\"widget\" data-settings=\"{&quot;slides_per_view&quot;:&quot;1&quot;,&quot;slides_to_scroll&quot;:&quot;1&quot;,&quot;show_arrows&quot;:&quot;yes&quot;,&quot;speed&quot;:500,&quot;loop&quot;:&quot;yes&quot;,&quot;space_between&quot;:{&quot;unit&quot;:&quot;px&quot;,&quot;size&quot;:10,&quot;sizes&quot;:[]},&quot;space_between_tablet&quot;:{&quot;unit&quot;:&quot;px&quot;,&quot;size&quot;:10,&quot;sizes&quot;:[]},&quot;space_between_mobile&quot;:{&quot;unit&quot;:&quot;px&quot;,&quot;size&quot;:10,&quot;sizes&quot;:[]}}\" data-widget_type=\"testimonial-carousel.default\">\n\t\t\t\t<div class=\"elementor-widget-container\">\n\t\t\t\t\t\t\t\t\t<div class=\"elementor-swiper\">\n\t\t\t\t\t<div class=\"elementor-main-swiper swiper\" role=\"region\" aria-roledescription=\"carousel\" aria-label=\"Slider\">\n\t\t\t\t<div class=\"swiper-wrapper\">\n\t\t\t\t\t\t\t\t\t\t\t<div class=\"swiper-slide\" role=\"group\" aria-roledescription=\"slide\">\n\t\t\t\t\t\t\t\t\t<div class=\"elementor-testimonial\">\n\t\t\t\t\t\t\t<div class=\"elementor-testimonial__content\">\n\t\t\t\t\t<div class=\"elementor-testimonial__text\">\n\t\t\t\t\t\t<p>Annika und ich setzen uns regelm\u00e4\u00dfig zusammen, um die n\u00e4chsten Marketingschritte f\u00fcr unsere Zeitschriften zu besprechen. Es hilft enorm, meine Gedanken mit Annika zu teilen und gemeinsam zu sehen, wo genau wir den n\u00e4chsten gro\u00dfen Schritt machen k\u00f6nnen. Sie ist kreativ und kenntnisreich und sorgt zusammen mit ihrem Team auch dann f\u00fcr die Umsetzung der erarbeiteten Ma\u00dfnahmen, wenn wir nicht gen\u00fcgend Kapazit\u00e4ten haben.<\/p>\n\t\t\t\t\t<\/div>\n\t\t\t\t\t<cite class=\"elementor-testimonial__cite\"><span class=\"elementor-testimonial__name\">Es ist sch\u00f6n, Annika als Sparringspartnerin zu haben<\/span><span class=\"elementor-testimonial__title\">Karin de Haan, MP Horses (Hoefslag, Bit &amp; Cap und andere)<\/span><\/cite>\t\t\t\t<\/div>\n\t\t\t\t\t\t<div class=\"elementor-testimonial__footer\">\n\t\t\t\t\t\t\t\t\t<div class=\"elementor-testimonial__image\">\n\t\t\t\t\t\t<img decoding=\"async\" src=\"https:\/\/www.clickhorse-marketing.com\/wp-content\/uploads\/2023\/11\/n5br0fgb2y4vnpbyxphh_400x400.jpeg\" alt=\"Es ist sch\u00f6n, Annika als Sparringspartnerin zu haben\">\n\t\t\t\t\t\t\t\t\t\t\t<\/div>\n\t\t\t\t\t\t\t\t\t\t\t<\/div>\n\t\t<\/div>\n\t\t\t\t\t\t\t\t<\/div>\n\t\t\t\t\t\t\t\t\t<\/div>\n\t\t\t\t\t\t\t<\/div>\n\t\t\t\t<\/div>\n\t\t\t\t\t\t\t\t<\/div>\n\t\t\t\t<\/div>\n\t\t\t\t\t<\/div>\n\t\t<\/div>\n\t\t\t\t\t<\/div>\n\t\t<\/section>\n\t\t\t\t<section class=\"elementor-section elementor-top-section elementor-element elementor-element-235750fa elementor-section-content-middle elementor-section-boxed elementor-section-height-default elementor-section-height-default\" data-id=\"235750fa\" data-element_type=\"section\">\n\t\t\t\t\t\t<div class=\"elementor-container elementor-column-gap-default\">\n\t\t\t\t\t<div class=\"elementor-column elementor-col-50 elementor-top-column elementor-element elementor-element-7554848a\" data-id=\"7554848a\" data-element_type=\"column\">\n\t\t\t<div class=\"elementor-widget-wrap elementor-element-populated\">\n\t\t\t\t\t\t<div class=\"elementor-element elementor-element-7738bd58 elementor-widget elementor-widget-image\" data-id=\"7738bd58\" data-element_type=\"widget\" data-widget_type=\"image.default\">\n\t\t\t\t<div class=\"elementor-widget-container\">\n\t\t\t\t\t\t\t\t\t\t\t\t\t\t\t<img decoding=\"async\" width=\"455\" height=\"260\" src=\"https:\/\/www.clickhorse-marketing.com\/wp-content\/uploads\/2023\/10\/Clickhorse-Marketing-31-10-22-DaKo-Fotografie-webformaat-9-1.png\" class=\"attachment-full size-full wp-image-6949\" alt=\"\" srcset=\"https:\/\/www.clickhorse-marketing.com\/wp-content\/uploads\/2023\/10\/Clickhorse-Marketing-31-10-22-DaKo-Fotografie-webformaat-9-1.png 455w, https:\/\/www.clickhorse-marketing.com\/wp-content\/uploads\/2023\/10\/Clickhorse-Marketing-31-10-22-DaKo-Fotografie-webformaat-9-1-300x171.png 300w\" sizes=\"(max-width: 455px) 100vw, 455px\" \/>\t\t\t\t\t\t\t\t\t\t\t\t\t\t\t<\/div>\n\t\t\t\t<\/div>\n\t\t\t\t\t<\/div>\n\t\t<\/div>\n\t\t\t\t<div class=\"elementor-column elementor-col-50 elementor-top-column elementor-element elementor-element-6e739df9\" data-id=\"6e739df9\" data-element_type=\"column\">\n\t\t\t<div class=\"elementor-widget-wrap elementor-element-populated\">\n\t\t\t\t\t\t<div class=\"elementor-element elementor-element-7de08131 elementor-widget elementor-widget-heading\" data-id=\"7de08131\" data-element_type=\"widget\" data-widget_type=\"heading.default\">\n\t\t\t\t<div class=\"elementor-widget-container\">\n\t\t\t\t\t<h2 class=\"elementor-heading-title elementor-size-default\">Erhaltet euer pers\u00f6nliches Angebot<\/h2>\t\t\t\t<\/div>\n\t\t\t\t<\/div>\n\t\t\t\t<div class=\"elementor-element elementor-element-3ae4f2f8 elementor-widget elementor-widget-text-editor\" data-id=\"3ae4f2f8\" data-element_type=\"widget\" data-widget_type=\"text-editor.default\">\n\t\t\t\t<div class=\"elementor-widget-container\">\n\t\t\t\t\t\t\t\t\t<p>Ben\u00f6tigt einen strategischen Sparringspartner, der euch bei den komplexen Fragen und Herausforderungen in eurem Unternehmen unterst\u00fctzt? Ob gro\u00df oder klein, wir freuen uns, mit euch zu denken. Nehmt Kontakt mit uns auf und wir vereinbaren gerne einen unverbindlichen Gespr\u00e4chstermin mit euch! <\/p>\t\t\t\t\t\t\t\t<\/div>\n\t\t\t\t<\/div>\n\t\t\t\t<div class=\"elementor-element elementor-element-6f93e61 elementor-align-center elementor-widget elementor-widget-button\" data-id=\"6f93e61\" data-element_type=\"widget\" data-widget_type=\"button.default\">\n\t\t\t\t<div class=\"elementor-widget-container\">\n\t\t\t\t\t\t\t\t\t<div class=\"elementor-button-wrapper\">\n\t\t\t\t\t<a class=\"elementor-button elementor-button-link elementor-size-sm\" href=\"https:\/\/www.clickhorse-marketing.com\/de\/kontakt\/\">\n\t\t\t\t\t\t<span class=\"elementor-button-content-wrapper\">\n\t\t\t\t\t\t\t\t\t<span class=\"elementor-button-text\">Kontakt aufnehmen<\/span>\n\t\t\t\t\t<\/span>\n\t\t\t\t\t<\/a>\n\t\t\t\t<\/div>\n\t\t\t\t\t\t\t\t<\/div>\n\t\t\t\t<\/div>\n\t\t\t\t\t<\/div>\n\t\t<\/div>\n\t\t\t\t\t<\/div>\n\t\t<\/section>\n\t\t\t\t<\/div>\n\t\t","protected":false},"excerpt":{"rendered":"<p>Strategie und Konzepte Zu komplexen Themen und Herausforderungen Jemand, der mit euch denkt Es ist nicht immer einfach, alle Entscheidungen allein zu treffen. Manchmal braucht man jemanden mit viel Erfahrung, der mit einem denkt und einem hilft, die Dinge aus einem anderen Blickwinkel zu sehen. Vielleicht wisst ihr nicht, mit welchen Marketingkan\u00e4len ihr jetzt wirklich [&hellip;]<\/p>\n","protected":false},"author":1,"featured_media":0,"parent":0,"menu_order":0,"comment_status":"closed","ping_status":"closed","template":"elementor_header_footer","meta":{"footnotes":""},"class_list":["post-7391","page","type-page","status-publish","hentry"],"aioseo_notices":[],"_links":{"self":[{"href":"https:\/\/www.clickhorse-marketing.com\/de\/wp-json\/wp\/v2\/pages\/7391","targetHints":{"allow":["GET"]}}],"collection":[{"href":"https:\/\/www.clickhorse-marketing.com\/de\/wp-json\/wp\/v2\/pages"}],"about":[{"href":"https:\/\/www.clickhorse-marketing.com\/de\/wp-json\/wp\/v2\/types\/page"}],"author":[{"embeddable":true,"href":"https:\/\/www.clickhorse-marketing.com\/de\/wp-json\/wp\/v2\/users\/1"}],"replies":[{"embeddable":true,"href":"https:\/\/www.clickhorse-marketing.com\/de\/wp-json\/wp\/v2\/comments?post=7391"}],"version-history":[{"count":93,"href":"https:\/\/www.clickhorse-marketing.com\/de\/wp-json\/wp\/v2\/pages\/7391\/revisions"}],"predecessor-version":[{"id":10928,"href":"https:\/\/www.clickhorse-marketing.com\/de\/wp-json\/wp\/v2\/pages\/7391\/revisions\/10928"}],"wp:attachment":[{"href":"https:\/\/www.clickhorse-marketing.com\/de\/wp-json\/wp\/v2\/media?parent=7391"}],"curies":[{"name":"wp","href":"https:\/\/api.w.org\/{rel}","templated":true}]}}