{"id":7361,"date":"2023-10-19T12:32:21","date_gmt":"2023-10-19T12:32:21","guid":{"rendered":"https:\/\/clickhorse.mediya.dev\/hosting\/"},"modified":"2025-08-01T07:30:18","modified_gmt":"2025-08-01T07:30:18","slug":"hosting","status":"publish","type":"page","link":"https:\/\/www.clickhorse-marketing.com\/de\/hosting\/","title":{"rendered":"Hosting"},"content":{"rendered":"\t\t<div data-elementor-type=\"wp-page\" data-elementor-id=\"7361\" class=\"elementor elementor-7361 elementor-985\" data-elementor-post-type=\"page\">\n\t\t\t\t\t\t<section class=\"elementor-section elementor-top-section elementor-element elementor-element-15258d3c elementor-section-boxed elementor-section-height-default elementor-section-height-default\" data-id=\"15258d3c\" data-element_type=\"section\" data-settings=\"{&quot;background_background&quot;:&quot;classic&quot;}\">\n\t\t\t\t\t\t\t<div class=\"elementor-background-overlay\"><\/div>\n\t\t\t\t\t\t\t<div class=\"elementor-container elementor-column-gap-default\">\n\t\t\t\t\t<div class=\"elementor-column elementor-col-100 elementor-top-column elementor-element elementor-element-373b5f40\" data-id=\"373b5f40\" data-element_type=\"column\">\n\t\t\t<div class=\"elementor-widget-wrap elementor-element-populated\">\n\t\t\t\t\t\t<div class=\"elementor-element elementor-element-2864cf6 elementor-widget elementor-widget-heading\" data-id=\"2864cf6\" data-element_type=\"widget\" data-widget_type=\"heading.default\">\n\t\t\t\t<div class=\"elementor-widget-container\">\n\t\t\t\t\t<h1 class=\"elementor-heading-title elementor-size-default\">Sicheres und zuverl\u00e4ssiges Hosting<\/h1>\t\t\t\t<\/div>\n\t\t\t\t<\/div>\n\t\t\t\t<div class=\"elementor-element elementor-element-66e5929 elementor-widget elementor-widget-heading\" data-id=\"66e5929\" data-element_type=\"widget\" data-widget_type=\"heading.default\">\n\t\t\t\t<div class=\"elementor-widget-container\">\n\t\t\t\t\t<h2 class=\"elementor-heading-title elementor-size-default\">Ihre Website in guten H\u00e4nden<\/h2>\t\t\t\t<\/div>\n\t\t\t\t<\/div>\n\t\t\t\t\t<\/div>\n\t\t<\/div>\n\t\t\t\t\t<\/div>\n\t\t<\/section>\n\t\t\t\t<section class=\"elementor-section elementor-top-section elementor-element elementor-element-ff74d0e elementor-section-boxed elementor-section-height-default elementor-section-height-default\" data-id=\"ff74d0e\" data-element_type=\"section\">\n\t\t\t\t\t\t<div class=\"elementor-container elementor-column-gap-default\">\n\t\t\t\t\t<div class=\"elementor-column elementor-col-100 elementor-top-column elementor-element elementor-element-1d0559d\" data-id=\"1d0559d\" data-element_type=\"column\">\n\t\t\t<div class=\"elementor-widget-wrap elementor-element-populated\">\n\t\t\t\t\t\t<div class=\"elementor-element elementor-element-5049d615 elementor-widget elementor-widget-heading\" data-id=\"5049d615\" data-element_type=\"widget\" data-widget_type=\"heading.default\">\n\t\t\t\t<div class=\"elementor-widget-container\">\n\t\t\t\t\t<h2 class=\"elementor-heading-title elementor-size-default\">Professionelles Hosting f\u00fcr Reitsportunternehmen\n<\/h2>\t\t\t\t<\/div>\n\t\t\t\t<\/div>\n\t\t\t\t<div class=\"elementor-element elementor-element-5756bec4 elementor-widget__width-initial elementor-widget elementor-widget-text-editor\" data-id=\"5756bec4\" data-element_type=\"widget\" data-widget_type=\"text-editor.default\">\n\t\t\t\t<div class=\"elementor-widget-container\">\n\t\t\t\t\t\t\t\t\t<p><span style=\"font-weight: 400;\">In der dynamischen Reitsportbranche ist eine zuverl\u00e4ssige und sichere Online-Pr\u00e4senz unerl\u00e4sslich. Wir von Clickhorse Marketing wissen, wie wichtig es ist, dass Ihre Website f\u00fcr Ihre Kunden immer verf\u00fcgbar ist, ganz gleich, ob Sie einen Online-Shop haben, Trainingskurse anbieten oder Veranstaltungen organisieren. Deshalb bieten wir speziell entwickelte Hosting-Services an, die auf die Bed\u00fcrfnisse von Reitunternehmern zugeschnitten sind.  <\/span><\/p><p><span style=\"font-weight: 400;\"> <\/span><\/p>\t\t\t\t\t\t\t\t<\/div>\n\t\t\t\t<\/div>\n\t\t\t\t\t<\/div>\n\t\t<\/div>\n\t\t\t\t\t<\/div>\n\t\t<\/section>\n\t\t\t\t<section class=\"elementor-section elementor-top-section elementor-element elementor-element-77747f4f elementor-section-boxed elementor-section-height-default elementor-section-height-default\" data-id=\"77747f4f\" data-element_type=\"section\" data-settings=\"{&quot;background_background&quot;:&quot;classic&quot;}\">\n\t\t\t\t\t\t<div class=\"elementor-container elementor-column-gap-default\">\n\t\t\t\t\t<div class=\"elementor-column elementor-col-50 elementor-top-column elementor-element elementor-element-2b58e9d4\" data-id=\"2b58e9d4\" data-element_type=\"column\">\n\t\t\t<div class=\"elementor-widget-wrap elementor-element-populated\">\n\t\t\t\t\t\t<div class=\"elementor-element elementor-element-6cddde7f elementor-widget elementor-widget-image\" data-id=\"6cddde7f\" data-element_type=\"widget\" data-widget_type=\"image.default\">\n\t\t\t\t<div class=\"elementor-widget-container\">\n\t\t\t\t\t\t\t\t\t\t\t\t\t\t\t<img fetchpriority=\"high\" decoding=\"async\" width=\"561\" height=\"433\" src=\"https:\/\/www.clickhorse-marketing.com\/wp-content\/uploads\/2023\/10\/Omdat-img.png\" class=\"attachment-full size-full wp-image-6721\" alt=\"\" srcset=\"https:\/\/www.clickhorse-marketing.com\/wp-content\/uploads\/2023\/10\/Omdat-img.png 561w, https:\/\/www.clickhorse-marketing.com\/wp-content\/uploads\/2023\/10\/Omdat-img-300x232.png 300w\" sizes=\"(max-width: 561px) 100vw, 561px\" \/>\t\t\t\t\t\t\t\t\t\t\t\t\t\t\t<\/div>\n\t\t\t\t<\/div>\n\t\t\t\t\t<\/div>\n\t\t<\/div>\n\t\t\t\t<div class=\"elementor-column elementor-col-50 elementor-top-column elementor-element elementor-element-6f28f0ab\" data-id=\"6f28f0ab\" data-element_type=\"column\">\n\t\t\t<div class=\"elementor-widget-wrap elementor-element-populated\">\n\t\t\t\t\t\t<div class=\"elementor-element elementor-element-dc09239 elementor-widget elementor-widget-heading\" data-id=\"dc09239\" data-element_type=\"widget\" data-widget_type=\"heading.default\">\n\t\t\t\t<div class=\"elementor-widget-container\">\n\t\t\t\t\t<h2 class=\"elementor-heading-title elementor-size-default\">Warum uns w\u00e4hlen<\/h2>\t\t\t\t<\/div>\n\t\t\t\t<\/div>\n\t\t\t\t<div class=\"elementor-element elementor-element-794c93e1 elementor-widget elementor-widget-text-editor\" data-id=\"794c93e1\" data-element_type=\"widget\" data-widget_type=\"text-editor.default\">\n\t\t\t\t<div class=\"elementor-widget-container\">\n\t\t\t\t\t\t\t\t\t<p><span style=\"font-weight: 400;\">Gemeinsam mit unserem erfahrenen Entwicklungspartner haben wir ein Angebot entwickelt, das optimale Leistung und Sicherheit f\u00fcr Ihre Website gew\u00e4hrleistet. Unsere Hosting-Pakete bieten nicht nur hervorragende technische Spezifikationen, sondern auch eine pers\u00f6nliche Note, die es Ihnen erm\u00f6glicht, sich ganz auf Ihr Gesch\u00e4ft zu konzentrieren, w\u00e4hrend wir uns um die technischen Belange k\u00fcmmern. <\/span><\/p>\t\t\t\t\t\t\t\t<\/div>\n\t\t\t\t<\/div>\n\t\t\t\t\t<\/div>\n\t\t<\/div>\n\t\t\t\t\t<\/div>\n\t\t<\/section>\n\t\t\t\t<section class=\"elementor-section elementor-top-section elementor-element elementor-element-3b3d0b32 elementor-section-boxed elementor-section-height-default elementor-section-height-default\" data-id=\"3b3d0b32\" data-element_type=\"section\">\n\t\t\t\t\t\t<div class=\"elementor-container elementor-column-gap-default\">\n\t\t\t\t\t<div class=\"elementor-column elementor-col-100 elementor-top-column elementor-element elementor-element-3a8aa25\" data-id=\"3a8aa25\" data-element_type=\"column\">\n\t\t\t<div class=\"elementor-widget-wrap elementor-element-populated\">\n\t\t\t\t\t\t<section class=\"elementor-section elementor-inner-section elementor-element elementor-element-7be77416 elementor-section-boxed elementor-section-height-default elementor-section-height-default\" data-id=\"7be77416\" data-element_type=\"section\">\n\t\t\t\t\t\t<div class=\"elementor-container elementor-column-gap-default\">\n\t\t\t\t\t<div class=\"elementor-column elementor-col-100 elementor-inner-column elementor-element elementor-element-26d60831\" data-id=\"26d60831\" data-element_type=\"column\">\n\t\t\t<div class=\"elementor-widget-wrap elementor-element-populated\">\n\t\t\t\t\t\t<div class=\"elementor-element elementor-element-7ff8a29c elementor-widget elementor-widget-heading\" data-id=\"7ff8a29c\" data-element_type=\"widget\" data-widget_type=\"heading.default\">\n\t\t\t\t<div class=\"elementor-widget-container\">\n\t\t\t\t\t<h2 class=\"elementor-heading-title elementor-size-default\">Unsere Hosting-Dienste umfassen:\n<\/h2>\t\t\t\t<\/div>\n\t\t\t\t<\/div>\n\t\t\t\t\t<\/div>\n\t\t<\/div>\n\t\t\t\t\t<\/div>\n\t\t<\/section>\n\t\t\t\t<section class=\"elementor-section elementor-inner-section elementor-element elementor-element-49e4b501 elementor-section-boxed elementor-section-height-default elementor-section-height-default\" data-id=\"49e4b501\" data-element_type=\"section\">\n\t\t\t\t\t\t<div class=\"elementor-container elementor-column-gap-default\">\n\t\t\t\t\t<div class=\"elementor-column elementor-col-100 elementor-inner-column elementor-element elementor-element-5c6d639d\" data-id=\"5c6d639d\" data-element_type=\"column\">\n\t\t\t<div class=\"elementor-widget-wrap elementor-element-populated\">\n\t\t\t\t\t\t<div class=\"elementor-element elementor-element-6609d740 elementor-position-left home-icon-with-text elementor-vertical-align-top elementor-widget elementor-widget-image-box\" data-id=\"6609d740\" data-element_type=\"widget\" data-widget_type=\"image-box.default\">\n\t\t\t\t<div class=\"elementor-widget-container\">\n\t\t\t\t\t<div class=\"elementor-image-box-wrapper\"><figure class=\"elementor-image-box-img\"><img decoding=\"async\" width=\"48\" height=\"76\" src=\"https:\/\/www.clickhorse-marketing.com\/wp-content\/uploads\/2023\/10\/Pijl-Steunkleur-CH-2.png\" class=\"attachment-full size-full wp-image-222\" alt=\"\" \/><\/figure><div class=\"elementor-image-box-content\"><h3 class=\"elementor-image-box-title\">Monatliche Updates und Wartung<\/h3><p class=\"elementor-image-box-description\">Wir sorgen daf\u00fcr, dass Ihre Website immer mit den neuesten Softwareversionen und Sicherheitspatches aktualisiert wird. Unsere manuellen Updates und \u00dcberpr\u00fcfungen sorgen daf\u00fcr, dass Ihre Website reibungslos und sicher l\u00e4uft. \n<\/p><\/div><\/div>\t\t\t\t<\/div>\n\t\t\t\t<\/div>\n\t\t\t\t<div class=\"elementor-element elementor-element-6d1f3376 elementor-position-left home-icon-with-text elementor-vertical-align-top elementor-widget elementor-widget-image-box\" data-id=\"6d1f3376\" data-element_type=\"widget\" data-widget_type=\"image-box.default\">\n\t\t\t\t<div class=\"elementor-widget-container\">\n\t\t\t\t\t<div class=\"elementor-image-box-wrapper\"><figure class=\"elementor-image-box-img\"><img decoding=\"async\" width=\"48\" height=\"76\" src=\"https:\/\/www.clickhorse-marketing.com\/wp-content\/uploads\/2023\/10\/Pijl-Steunkleur-CH-2.png\" class=\"attachment-full size-full wp-image-222\" alt=\"\" \/><\/figure><div class=\"elementor-image-box-content\"><h3 class=\"elementor-image-box-title\">Dom\u00e4nenname und Gesch\u00e4fts-E-Mail-Adresse:  <\/h3><p class=\"elementor-image-box-description\">Wir k\u00fcmmern uns um die Registrierung Ihres Domainnamens und stellen eine professionelle E-Mail-Adresse bereit, die zu Ihrer Domain passt und Ihre Kommunikation professionell aussehen l\u00e4sst.<\/p><\/div><\/div>\t\t\t\t<\/div>\n\t\t\t\t<\/div>\n\t\t\t\t<div class=\"elementor-element elementor-element-3d6e7c55 elementor-position-left home-icon-with-text elementor-vertical-align-top elementor-widget elementor-widget-image-box\" data-id=\"3d6e7c55\" data-element_type=\"widget\" data-widget_type=\"image-box.default\">\n\t\t\t\t<div class=\"elementor-widget-container\">\n\t\t\t\t\t<div class=\"elementor-image-box-wrapper\"><figure class=\"elementor-image-box-img\"><img decoding=\"async\" width=\"48\" height=\"76\" src=\"https:\/\/www.clickhorse-marketing.com\/wp-content\/uploads\/2023\/10\/Pijl-Steunkleur-CH-2.png\" class=\"attachment-full size-full wp-image-222\" alt=\"\" \/><\/figure><div class=\"elementor-image-box-content\"><h3 class=\"elementor-image-box-title\">T\u00e4gliche \u00dcberwachung der Betriebszeit<\/h3><p class=\"elementor-image-box-description\">Wir \u00fcberwachen die Verf\u00fcgbarkeit Ihrer Website t\u00e4glich, um sicherzustellen, dass sie f\u00fcr Ihre Kunden immer verf\u00fcgbar ist. Sollten Probleme auftreten, sind wir bereit, sofort einzugreifen. \n<\/p><\/div><\/div>\t\t\t\t<\/div>\n\t\t\t\t<\/div>\n\t\t\t\t<div class=\"elementor-element elementor-element-b2dcd3c elementor-position-left home-icon-with-text elementor-vertical-align-top elementor-widget elementor-widget-image-box\" data-id=\"b2dcd3c\" data-element_type=\"widget\" data-widget_type=\"image-box.default\">\n\t\t\t\t<div class=\"elementor-widget-container\">\n\t\t\t\t\t<div class=\"elementor-image-box-wrapper\"><figure class=\"elementor-image-box-img\"><img decoding=\"async\" width=\"48\" height=\"76\" src=\"https:\/\/www.clickhorse-marketing.com\/wp-content\/uploads\/2023\/10\/Pijl-Steunkleur-CH-2.png\" class=\"attachment-full size-full wp-image-222\" alt=\"\" \/><\/figure><div class=\"elementor-image-box-content\"><h3 class=\"elementor-image-box-title\">Schnelle und sichere Server<\/h3><p class=\"elementor-image-box-description\">Unsere Server sind f\u00fcr Geschwindigkeit und Sicherheit optimiert, so dass Ihre Website schnell l\u00e4dt und vor Bedrohungen wie Hackern und DDoS-Angriffen gesch\u00fctzt ist.\n<\/p><\/div><\/div>\t\t\t\t<\/div>\n\t\t\t\t<\/div>\n\t\t\t\t<div class=\"elementor-element elementor-element-6314054 elementor-position-left home-icon-with-text elementor-vertical-align-top elementor-widget elementor-widget-image-box\" data-id=\"6314054\" data-element_type=\"widget\" data-widget_type=\"image-box.default\">\n\t\t\t\t<div class=\"elementor-widget-container\">\n\t\t\t\t\t<div class=\"elementor-image-box-wrapper\"><figure class=\"elementor-image-box-img\"><img decoding=\"async\" width=\"48\" height=\"76\" src=\"https:\/\/www.clickhorse-marketing.com\/wp-content\/uploads\/2023\/10\/Pijl-Steunkleur-CH-2.png\" class=\"attachment-full size-full wp-image-222\" alt=\"\" \/><\/figure><div class=\"elementor-image-box-content\"><h3 class=\"elementor-image-box-title\">Sofortiger Zugang zum Support<\/h3><p class=\"elementor-image-box-description\">Bei technischen Problemen k\u00f6nnen Sie auf die direkte Hilfe unserer engagierten Entwickler z\u00e4hlen, so dass eventuelle Pannen schnell behoben werden k\u00f6nnen.\n<\/p><\/div><\/div>\t\t\t\t<\/div>\n\t\t\t\t<\/div>\n\t\t\t\t\t<\/div>\n\t\t<\/div>\n\t\t\t\t\t<\/div>\n\t\t<\/section>\n\t\t\t\t\t<\/div>\n\t\t<\/div>\n\t\t\t\t\t<\/div>\n\t\t<\/section>\n\t\t\t\t<section class=\"elementor-section elementor-top-section elementor-element elementor-element-336069f elementor-section-boxed elementor-section-height-default elementor-section-height-default\" data-id=\"336069f\" data-element_type=\"section\">\n\t\t\t\t\t\t<div class=\"elementor-container elementor-column-gap-default\">\n\t\t\t\t\t<div class=\"elementor-column elementor-col-100 elementor-top-column elementor-element elementor-element-cc97fb9\" data-id=\"cc97fb9\" data-element_type=\"column\">\n\t\t\t<div class=\"elementor-widget-wrap elementor-element-populated\">\n\t\t\t\t\t\t<div class=\"elementor-element elementor-element-c309ead elementor-widget elementor-widget-heading\" data-id=\"c309ead\" data-element_type=\"widget\" data-widget_type=\"heading.default\">\n\t\t\t\t<div class=\"elementor-widget-container\">\n\t\t\t\t\t<h2 class=\"elementor-heading-title elementor-size-default\">Die Vorteile f\u00fcr Sie<\/h2>\t\t\t\t<\/div>\n\t\t\t\t<\/div>\n\t\t\t\t\t<\/div>\n\t\t<\/div>\n\t\t\t\t\t<\/div>\n\t\t<\/section>\n\t\t\t\t<section class=\"elementor-section elementor-top-section elementor-element elementor-element-195e998 elementor-section-boxed elementor-section-height-default elementor-section-height-default\" data-id=\"195e998\" data-element_type=\"section\">\n\t\t\t\t\t\t<div class=\"elementor-container elementor-column-gap-default\">\n\t\t\t\t\t<div class=\"elementor-column elementor-col-50 elementor-top-column elementor-element elementor-element-a02bd54\" data-id=\"a02bd54\" data-element_type=\"column\">\n\t\t\t<div class=\"elementor-widget-wrap elementor-element-populated\">\n\t\t\t\t\t\t<div class=\"elementor-element elementor-element-063fe85 elementor-icon-list--layout-traditional elementor-list-item-link-full_width elementor-widget elementor-widget-icon-list\" data-id=\"063fe85\" data-element_type=\"widget\" data-widget_type=\"icon-list.default\">\n\t\t\t\t<div class=\"elementor-widget-container\">\n\t\t\t\t\t\t\t<ul class=\"elementor-icon-list-items\">\n\t\t\t\t\t\t\t<li class=\"elementor-icon-list-item\">\n\t\t\t\t\t\t\t\t\t\t\t<span class=\"elementor-icon-list-icon\">\n\t\t\t\t\t\t\t<i aria-hidden=\"true\" class=\"fas fa-check\"><\/i>\t\t\t\t\t\t<\/span>\n\t\t\t\t\t\t\t\t\t\t<span class=\"elementor-icon-list-text\">  Ihre Website sicher vor Hackern<\/span>\n\t\t\t\t\t\t\t\t\t<\/li>\n\t\t\t\t\t\t\t\t<li class=\"elementor-icon-list-item\">\n\t\t\t\t\t\t\t\t\t\t\t<span class=\"elementor-icon-list-icon\">\n\t\t\t\t\t\t\t<i aria-hidden=\"true\" class=\"fas fa-check\"><\/i>\t\t\t\t\t\t<\/span>\n\t\t\t\t\t\t\t\t\t\t<span class=\"elementor-icon-list-text\">Manuelle Aktualisierungen und Kontrollen jeden Monat<\/span>\n\t\t\t\t\t\t\t\t\t<\/li>\n\t\t\t\t\t\t\t\t<li class=\"elementor-icon-list-item\">\n\t\t\t\t\t\t\t\t\t\t\t<span class=\"elementor-icon-list-icon\">\n\t\t\t\t\t\t\t<i aria-hidden=\"true\" class=\"fas fa-check\"><\/i>\t\t\t\t\t\t<\/span>\n\t\t\t\t\t\t\t\t\t\t<span class=\"elementor-icon-list-text\">Entwickler bei Problemen erreichbar<\/span>\n\t\t\t\t\t\t\t\t\t<\/li>\n\t\t\t\t\t\t<\/ul>\n\t\t\t\t\t\t<\/div>\n\t\t\t\t<\/div>\n\t\t\t\t\t<\/div>\n\t\t<\/div>\n\t\t\t\t<div class=\"elementor-column elementor-col-50 elementor-top-column elementor-element elementor-element-d76a4c2\" data-id=\"d76a4c2\" data-element_type=\"column\">\n\t\t\t<div class=\"elementor-widget-wrap elementor-element-populated\">\n\t\t\t\t\t\t<div class=\"elementor-element elementor-element-09e4bf5 elementor-icon-list--layout-traditional elementor-list-item-link-full_width elementor-widget elementor-widget-icon-list\" data-id=\"09e4bf5\" data-element_type=\"widget\" data-widget_type=\"icon-list.default\">\n\t\t\t\t<div class=\"elementor-widget-container\">\n\t\t\t\t\t\t\t<ul class=\"elementor-icon-list-items\">\n\t\t\t\t\t\t\t<li class=\"elementor-icon-list-item\">\n\t\t\t\t\t\t\t\t\t\t\t<span class=\"elementor-icon-list-icon\">\n\t\t\t\t\t\t\t<i aria-hidden=\"true\" class=\"fas fa-check\"><\/i>\t\t\t\t\t\t<\/span>\n\t\t\t\t\t\t\t\t\t\t<span class=\"elementor-icon-list-text\">Registrierung von Domainnamen bei uns<\/span>\n\t\t\t\t\t\t\t\t\t<\/li>\n\t\t\t\t\t\t\t\t<li class=\"elementor-icon-list-item\">\n\t\t\t\t\t\t\t\t\t\t\t<span class=\"elementor-icon-list-icon\">\n\t\t\t\t\t\t\t<i aria-hidden=\"true\" class=\"fas fa-check\"><\/i>\t\t\t\t\t\t<\/span>\n\t\t\t\t\t\t\t\t\t\t<span class=\"elementor-icon-list-text\">Enth\u00e4lt eine E-Mail-Adresse mit Ihrer Domain<\/span>\n\t\t\t\t\t\t\t\t\t<\/li>\n\t\t\t\t\t\t\t\t<li class=\"elementor-icon-list-item\">\n\t\t\t\t\t\t\t\t\t\t\t<span class=\"elementor-icon-list-icon\">\n\t\t\t\t\t\t\t<i aria-hidden=\"true\" class=\"fas fa-check\"><\/i>\t\t\t\t\t\t<\/span>\n\t\t\t\t\t\t\t\t\t\t<span class=\"elementor-icon-list-text\">Unser schneller Server hat eine t\u00e4gliche \u00dcberwachung der Betriebszeit<\/span>\n\t\t\t\t\t\t\t\t\t<\/li>\n\t\t\t\t\t\t<\/ul>\n\t\t\t\t\t\t<\/div>\n\t\t\t\t<\/div>\n\t\t\t\t\t<\/div>\n\t\t<\/div>\n\t\t\t\t\t<\/div>\n\t\t<\/section>\n\t\t\t\t<section class=\"elementor-section elementor-top-section elementor-element elementor-element-0b3f477 elementor-section-content-middle elementor-section-boxed elementor-section-height-default elementor-section-height-default\" data-id=\"0b3f477\" data-element_type=\"section\">\n\t\t\t\t\t\t<div class=\"elementor-container elementor-column-gap-default\">\n\t\t\t\t\t<div class=\"elementor-column elementor-col-33 elementor-top-column elementor-element elementor-element-1736020\" data-id=\"1736020\" data-element_type=\"column\">\n\t\t\t<div class=\"elementor-widget-wrap elementor-element-populated\">\n\t\t\t\t\t\t<div class=\"elementor-element elementor-element-bc49ce6 elementor-widget elementor-widget-image\" data-id=\"bc49ce6\" data-element_type=\"widget\" data-widget_type=\"image.default\">\n\t\t\t\t<div class=\"elementor-widget-container\">\n\t\t\t\t\t\t\t\t\t\t\t\t\t\t\t<img decoding=\"async\" width=\"565\" height=\"390\" src=\"https:\/\/www.clickhorse-marketing.com\/wp-content\/uploads\/2023\/10\/Clickhorse-Marketing-april-_23-DaKo-Fotografie-webformaat-7-2.jpg\" class=\"attachment-full size-full wp-image-6923\" alt=\"\" srcset=\"https:\/\/www.clickhorse-marketing.com\/wp-content\/uploads\/2023\/10\/Clickhorse-Marketing-april-_23-DaKo-Fotografie-webformaat-7-2.jpg 565w, https:\/\/www.clickhorse-marketing.com\/wp-content\/uploads\/2023\/10\/Clickhorse-Marketing-april-_23-DaKo-Fotografie-webformaat-7-2-300x207.jpg 300w\" sizes=\"(max-width: 565px) 100vw, 565px\" \/>\t\t\t\t\t\t\t\t\t\t\t\t\t\t\t<\/div>\n\t\t\t\t<\/div>\n\t\t\t\t\t<\/div>\n\t\t<\/div>\n\t\t\t\t<div class=\"elementor-column elementor-col-66 elementor-top-column elementor-element elementor-element-3fa886c\" data-id=\"3fa886c\" data-element_type=\"column\">\n\t\t\t<div class=\"elementor-widget-wrap elementor-element-populated\">\n\t\t\t\t\t\t<div class=\"elementor-element elementor-element-5d277e1 elementor-widget elementor-widget-heading\" data-id=\"5d277e1\" data-element_type=\"widget\" data-widget_type=\"heading.default\">\n\t\t\t\t<div class=\"elementor-widget-container\">\n\t\t\t\t\t<h2 class=\"elementor-heading-title elementor-size-default\">Ihre Investition<\/h2>\t\t\t\t<\/div>\n\t\t\t\t<\/div>\n\t\t\t\t<div class=\"elementor-element elementor-element-53d4e3a elementor-widget elementor-widget-heading\" data-id=\"53d4e3a\" data-element_type=\"widget\" data-widget_type=\"heading.default\">\n\t\t\t\t<div class=\"elementor-widget-container\">\n\t\t\t\t\t<h2 class=\"elementor-heading-title elementor-size-default\">55 \u20ac pro Monat<\/h2>\t\t\t\t<\/div>\n\t\t\t\t<\/div>\n\t\t\t\t<div class=\"elementor-element elementor-element-2bc068b elementor-widget__width-initial elementor-widget elementor-widget-text-editor\" data-id=\"2bc068b\" data-element_type=\"widget\" data-widget_type=\"text-editor.default\">\n\t\t\t\t<div class=\"elementor-widget-container\">\n\t\t\t\t\t\t\t\t\t<p><span style=\"font-weight: 400;\">Mit diesem Betrag k\u00f6nnen Sie sicher sein, dass Sie eine zuverl\u00e4ssige und sichere Hosting-L\u00f6sung erhalten, die ganz auf die Bed\u00fcrfnisse Ihres Unternehmens zugeschnitten ist.<\/span><\/p>\t\t\t\t\t\t\t\t<\/div>\n\t\t\t\t<\/div>\n\t\t\t\t<div class=\"elementor-element elementor-element-615bc5d elementor-widget elementor-widget-button\" data-id=\"615bc5d\" data-element_type=\"widget\" data-widget_type=\"button.default\">\n\t\t\t\t<div class=\"elementor-widget-container\">\n\t\t\t\t\t\t\t\t\t<div class=\"elementor-button-wrapper\">\n\t\t\t\t\t<a class=\"elementor-button elementor-button-link elementor-size-sm\" href=\"https:\/\/equipreneurs.plugandpay.nl\/checkout\/clickhorse-hosting\">\n\t\t\t\t\t\t<span class=\"elementor-button-content-wrapper\">\n\t\t\t\t\t\t\t\t\t<span class=\"elementor-button-text\">Meine Website registrieren<\/span>\n\t\t\t\t\t<\/span>\n\t\t\t\t\t<\/a>\n\t\t\t\t<\/div>\n\t\t\t\t\t\t\t\t<\/div>\n\t\t\t\t<\/div>\n\t\t\t\t\t<\/div>\n\t\t<\/div>\n\t\t\t\t\t<\/div>\n\t\t<\/section>\n\t\t\t\t<\/div>\n\t\t","protected":false},"excerpt":{"rendered":"<p>Sicheres und zuverl\u00e4ssiges Hosting Ihre Website in guten H\u00e4nden Professionelles Hosting f\u00fcr Reitsportunternehmen In der dynamischen Reitsportbranche ist eine zuverl\u00e4ssige und sichere Online-Pr\u00e4senz unerl\u00e4sslich. Wir von Clickhorse Marketing wissen, wie wichtig es ist, dass Ihre Website f\u00fcr Ihre Kunden immer verf\u00fcgbar ist, ganz gleich, ob Sie einen Online-Shop haben, Trainingskurse anbieten oder Veranstaltungen organisieren. Deshalb [&hellip;]<\/p>\n","protected":false},"author":1,"featured_media":0,"parent":0,"menu_order":0,"comment_status":"closed","ping_status":"closed","template":"","meta":{"footnotes":""},"class_list":["post-7361","page","type-page","status-publish","hentry"],"aioseo_notices":[],"_links":{"self":[{"href":"https:\/\/www.clickhorse-marketing.com\/de\/wp-json\/wp\/v2\/pages\/7361","targetHints":{"allow":["GET"]}}],"collection":[{"href":"https:\/\/www.clickhorse-marketing.com\/de\/wp-json\/wp\/v2\/pages"}],"about":[{"href":"https:\/\/www.clickhorse-marketing.com\/de\/wp-json\/wp\/v2\/types\/page"}],"author":[{"embeddable":true,"href":"https:\/\/www.clickhorse-marketing.com\/de\/wp-json\/wp\/v2\/users\/1"}],"replies":[{"embeddable":true,"href":"https:\/\/www.clickhorse-marketing.com\/de\/wp-json\/wp\/v2\/comments?post=7361"}],"version-history":[{"count":47,"href":"https:\/\/www.clickhorse-marketing.com\/de\/wp-json\/wp\/v2\/pages\/7361\/revisions"}],"predecessor-version":[{"id":10865,"href":"https:\/\/www.clickhorse-marketing.com\/de\/wp-json\/wp\/v2\/pages\/7361\/revisions\/10865"}],"wp:attachment":[{"href":"https:\/\/www.clickhorse-marketing.com\/de\/wp-json\/wp\/v2\/media?parent=7361"}],"curies":[{"name":"wp","href":"https:\/\/api.w.org\/{rel}","templated":true}]}}