{"id":7293,"date":"2023-10-23T08:48:42","date_gmt":"2023-10-23T08:48:42","guid":{"rendered":"https:\/\/clickhorse.mediya.dev\/wissen\/"},"modified":"2025-08-19T10:00:08","modified_gmt":"2025-08-19T10:00:08","slug":"wissen","status":"publish","type":"page","link":"https:\/\/www.clickhorse-marketing.com\/de\/wissen\/","title":{"rendered":"Wissen"},"content":{"rendered":"\t\t<div data-elementor-type=\"wp-page\" data-elementor-id=\"7293\" class=\"elementor elementor-7293 elementor-1225\" data-elementor-post-type=\"page\">\n\t\t\t\t\t\t<section class=\"elementor-section elementor-top-section elementor-element elementor-element-1ea3dd5d elementor-section-full_width elementor-section-height-default elementor-section-height-default\" data-id=\"1ea3dd5d\" data-element_type=\"section\">\n\t\t\t\t\t\t\t<div class=\"elementor-background-overlay\"><\/div>\n\t\t\t\t\t\t\t<div class=\"elementor-container elementor-column-gap-default\">\n\t\t\t\t\t<div class=\"elementor-column elementor-col-100 elementor-top-column elementor-element elementor-element-5ed064f\" data-id=\"5ed064f\" data-element_type=\"column\">\n\t\t\t<div class=\"elementor-widget-wrap elementor-element-populated\">\n\t\t\t\t\t\t<section class=\"elementor-section elementor-inner-section elementor-element elementor-element-4e114e75 elementor-section-boxed elementor-section-height-default elementor-section-height-default\" data-id=\"4e114e75\" data-element_type=\"section\">\n\t\t\t\t\t\t<div class=\"elementor-container elementor-column-gap-default\">\n\t\t\t\t\t<div class=\"elementor-column elementor-col-100 elementor-inner-column elementor-element elementor-element-368b22f1\" data-id=\"368b22f1\" data-element_type=\"column\">\n\t\t\t<div class=\"elementor-widget-wrap elementor-element-populated\">\n\t\t\t\t\t\t<div class=\"elementor-element elementor-element-c312732 elementor-widget elementor-widget-heading\" data-id=\"c312732\" data-element_type=\"widget\" data-widget_type=\"heading.default\">\n\t\t\t\t<div class=\"elementor-widget-container\">\n\t\t\t\t\t<h1 class=\"elementor-heading-title elementor-size-default\">Kostenloses Wissen f\u00fcr euch<\/h1>\t\t\t\t<\/div>\n\t\t\t\t<\/div>\n\t\t\t\t<div class=\"elementor-element elementor-element-5e3ac83f elementor-widget elementor-widget-heading\" data-id=\"5e3ac83f\" data-element_type=\"widget\" data-widget_type=\"heading.default\">\n\t\t\t\t<div class=\"elementor-widget-container\">\n\t\t\t\t\t<h2 class=\"elementor-heading-title elementor-size-default\">Die Weitergabe von Wissen liegt in unserer DNA<\/h2>\t\t\t\t<\/div>\n\t\t\t\t<\/div>\n\t\t\t\t\t<\/div>\n\t\t<\/div>\n\t\t\t\t\t<\/div>\n\t\t<\/section>\n\t\t\t\t<section class=\"elementor-section elementor-inner-section elementor-element elementor-element-ed57976 elementor-section-content-middle elementor-section-boxed elementor-section-height-default elementor-section-height-default\" data-id=\"ed57976\" data-element_type=\"section\">\n\t\t\t\t\t\t<div class=\"elementor-container elementor-column-gap-default\">\n\t\t\t\t\t<div class=\"elementor-column elementor-col-50 elementor-inner-column elementor-element elementor-element-7ed443f\" data-id=\"7ed443f\" data-element_type=\"column\">\n\t\t\t<div class=\"elementor-widget-wrap elementor-element-populated\">\n\t\t\t\t\t\t<div class=\"elementor-element elementor-element-6cb816b9 elementor-widget elementor-widget-image\" data-id=\"6cb816b9\" data-element_type=\"widget\" data-widget_type=\"image.default\">\n\t\t\t\t<div class=\"elementor-widget-container\">\n\t\t\t\t\t\t\t\t\t\t\t\t\t\t\t<img fetchpriority=\"high\" decoding=\"async\" width=\"537\" height=\"329\" src=\"https:\/\/www.clickhorse-marketing.com\/wp-content\/uploads\/2023\/11\/Marketing-kennis-hippische-ondernemers.png\" class=\"attachment-full size-full wp-image-7275\" alt=\"\" srcset=\"https:\/\/www.clickhorse-marketing.com\/wp-content\/uploads\/2023\/11\/Marketing-kennis-hippische-ondernemers.png 537w, https:\/\/www.clickhorse-marketing.com\/wp-content\/uploads\/2023\/11\/Marketing-kennis-hippische-ondernemers-300x184.png 300w\" sizes=\"(max-width: 537px) 100vw, 537px\" \/>\t\t\t\t\t\t\t\t\t\t\t\t\t\t\t<\/div>\n\t\t\t\t<\/div>\n\t\t\t\t\t<\/div>\n\t\t<\/div>\n\t\t\t\t<div class=\"elementor-column elementor-col-50 elementor-inner-column elementor-element elementor-element-e711d9a\" data-id=\"e711d9a\" data-element_type=\"column\">\n\t\t\t<div class=\"elementor-widget-wrap elementor-element-populated\">\n\t\t\t\t\t\t<div class=\"elementor-element elementor-element-1d808da8 elementor-widget elementor-widget-heading\" data-id=\"1d808da8\" data-element_type=\"widget\" data-widget_type=\"heading.default\">\n\t\t\t\t<div class=\"elementor-widget-container\">\n\t\t\t\t\t<h2 class=\"elementor-heading-title elementor-size-default\">Wissensblog  <\/h2>\t\t\t\t<\/div>\n\t\t\t\t<\/div>\n\t\t\t\t<div class=\"elementor-element elementor-element-580b07e2 elementor-widget elementor-widget-text-editor\" data-id=\"580b07e2\" data-element_type=\"widget\" data-widget_type=\"text-editor.default\">\n\t\t\t\t<div class=\"elementor-widget-container\">\n\t\t\t\t\t\t\t\t\t<p><span style=\"font-weight: 400;\">In unserem Wissensblog findet ihr eine F\u00fclle von Tipps und Tricks f\u00fcr das Online-Marketing im Pferdesportbereich. Wir ver\u00f6ffentlichen regelm\u00e4\u00dfig Artikel zu verschiedenen Themen, die ihr sofort in der Praxis anwenden k\u00f6nnt. Egal, ob ihr lernen m\u00f6chtet, wie ihr soziale Medien effektiv nutzen, eure SEO-Strategie verbessern oder eure Werbekampagnen optimieren k\u00f6nnt, unser Wissensblog bietet euch die Erkenntnisse, die ihr braucht, um in der Welt des Pferdesports erfolgreich zu sein. Entdeckt, wie ihr eure Marketingf\u00e4higkeiten mit unseren wertvollen und praktischen Ratschl\u00e4gen st\u00e4rken k\u00f6nnt.   <\/span><\/p>\t\t\t\t\t\t\t\t<\/div>\n\t\t\t\t<\/div>\n\t\t\t\t<div class=\"elementor-element elementor-element-bc8a7f3 elementor-align-left elementor-widget elementor-widget-button\" data-id=\"bc8a7f3\" data-element_type=\"widget\" data-widget_type=\"button.default\">\n\t\t\t\t<div class=\"elementor-widget-container\">\n\t\t\t\t\t\t\t\t\t<div class=\"elementor-button-wrapper\">\n\t\t\t\t\t<a class=\"elementor-button elementor-button-link elementor-size-sm\" href=\"https:\/\/www.clickhorse-marketing.com\/de\/?page_id=7347\">\n\t\t\t\t\t\t<span class=\"elementor-button-content-wrapper\">\n\t\t\t\t\t\t\t\t\t<span class=\"elementor-button-text\">Sofort mit dem Lesen beginnen<\/span>\n\t\t\t\t\t<\/span>\n\t\t\t\t\t<\/a>\n\t\t\t\t<\/div>\n\t\t\t\t\t\t\t\t<\/div>\n\t\t\t\t<\/div>\n\t\t\t\t\t<\/div>\n\t\t<\/div>\n\t\t\t\t\t<\/div>\n\t\t<\/section>\n\t\t\t\t\t<\/div>\n\t\t<\/div>\n\t\t\t\t\t<\/div>\n\t\t<\/section>\n\t\t\t\t<section class=\"elementor-section elementor-top-section elementor-element elementor-element-6500214c elementor-section-content-middle elementor-reverse-mobile elementor-section-boxed elementor-section-height-default elementor-section-height-default\" data-id=\"6500214c\" data-element_type=\"section\" data-settings=\"{&quot;background_background&quot;:&quot;classic&quot;}\">\n\t\t\t\t\t\t<div class=\"elementor-container elementor-column-gap-default\">\n\t\t\t\t\t<div class=\"elementor-column elementor-col-50 elementor-top-column elementor-element elementor-element-5dcd6dd6\" data-id=\"5dcd6dd6\" data-element_type=\"column\">\n\t\t\t<div class=\"elementor-widget-wrap elementor-element-populated\">\n\t\t\t\t\t\t<div class=\"elementor-element elementor-element-47f6367f elementor-widget elementor-widget-heading\" data-id=\"47f6367f\" data-element_type=\"widget\" data-widget_type=\"heading.default\">\n\t\t\t\t<div class=\"elementor-widget-container\">\n\t\t\t\t\t<h2 class=\"elementor-heading-title elementor-size-default\">E-Mail-Update<\/h2>\t\t\t\t<\/div>\n\t\t\t\t<\/div>\n\t\t\t\t<div class=\"elementor-element elementor-element-71188ad elementor-widget elementor-widget-text-editor\" data-id=\"71188ad\" data-element_type=\"widget\" data-widget_type=\"text-editor.default\">\n\t\t\t\t<div class=\"elementor-widget-container\">\n\t\t\t\t\t\t\t\t\t<p><span style=\"font-weight: 400;\">Abonniert unser E-Mail-Update und erhaltet alle vierzehn Tage eine sorgf\u00e4ltig zusammengestellte Dosis an Inspiration f\u00fcr eure eigene Marketingstrategie. Unser E-Mail-Update enth\u00e4lt aktuelle Erkenntnisse, praktische Tipps und ausf\u00fchrliche Artikel, die ihr sofort anwenden oder zum Weiterlernen nutzen k\u00f6nnt. Jede Ausgabe enth\u00e4lt:  <\/span><\/p><ul><li style=\"font-weight: 400;\" aria-level=\"1\"><b>Ein hei\u00dfes Thema:<\/b><span style=\"font-weight: 400;\"> Entdeckt die neuesten Trends und Entwicklungen im Online-Marketing, speziell zugeschnitten auf den Pferdesportsektor.<\/span><\/li><li style=\"font-weight: 400;\" aria-level=\"1\"><b>Ein praktischer Tipp:<\/b><span style=\"font-weight: 400;\"> Holt euch einen praktischen Tipp, den ihr sofort nutzen k\u00f6nnt, um eure Marketingbem\u00fchungen zu verbessern.<\/span><\/li><li style=\"font-weight: 400;\" aria-level=\"1\"><b>Empfohlener Artikel:<\/b><span style=\"font-weight: 400;\"> Lest einen Artikel, den unser Team inspirierend fand und der euch helfen kann, euer Marketingwissen zu vertiefen.<\/span><\/li><\/ul><p><span style=\"font-weight: 400;\">Unser E-Mail-Update ist ein Muss f\u00fcr jeden Pferdeunternehmer, der sein Marketingwissen erweitern und erfolgreich wachsen m\u00f6chte. Verpasst diese Gelegenheit nicht und meldet euch noch heute an! Mehr als 1.000 Unternehmer im Pferdesport sind euch bereits zuvorgekommen.   <\/span><\/p>\t\t\t\t\t\t\t\t<\/div>\n\t\t\t\t<\/div>\n\t\t\t\t<div class=\"elementor-element elementor-element-6a859b9a elementor-align-left elementor-widget elementor-widget-button\" data-id=\"6a859b9a\" data-element_type=\"widget\" data-widget_type=\"button.default\">\n\t\t\t\t<div class=\"elementor-widget-container\">\n\t\t\t\t\t\t\t\t\t<div class=\"elementor-button-wrapper\">\n\t\t\t\t\t<a class=\"elementor-button elementor-button-link elementor-size-sm\" href=\"https:\/\/www.clickhorse-marketing.com\/de\/newsletter\/\">\n\t\t\t\t\t\t<span class=\"elementor-button-content-wrapper\">\n\t\t\t\t\t\t\t\t\t<span class=\"elementor-button-text\">Ja, ich m\u00f6chte es erhalten!<\/span>\n\t\t\t\t\t<\/span>\n\t\t\t\t\t<\/a>\n\t\t\t\t<\/div>\n\t\t\t\t\t\t\t\t<\/div>\n\t\t\t\t<\/div>\n\t\t\t\t\t<\/div>\n\t\t<\/div>\n\t\t\t\t<div class=\"elementor-column elementor-col-50 elementor-top-column elementor-element elementor-element-29e7f5d9\" data-id=\"29e7f5d9\" data-element_type=\"column\">\n\t\t\t<div class=\"elementor-widget-wrap elementor-element-populated\">\n\t\t\t\t\t\t<div class=\"elementor-element elementor-element-75c04846 elementor-widget elementor-widget-image\" data-id=\"75c04846\" data-element_type=\"widget\" data-widget_type=\"image.default\">\n\t\t\t\t<div class=\"elementor-widget-container\">\n\t\t\t\t\t\t\t\t\t\t\t\t\t\t\t<img decoding=\"async\" width=\"406\" height=\"648\" src=\"https:\/\/www.clickhorse-marketing.com\/wp-content\/uploads\/2023\/10\/iPhone-13-Pro-Max_IMG_380AF97A5271-1-1-1.png\" class=\"attachment-full size-full wp-image-6809\" alt=\"\" srcset=\"https:\/\/www.clickhorse-marketing.com\/wp-content\/uploads\/2023\/10\/iPhone-13-Pro-Max_IMG_380AF97A5271-1-1-1.png 406w, https:\/\/www.clickhorse-marketing.com\/wp-content\/uploads\/2023\/10\/iPhone-13-Pro-Max_IMG_380AF97A5271-1-1-1-188x300.png 188w\" sizes=\"(max-width: 406px) 100vw, 406px\" \/>\t\t\t\t\t\t\t\t\t\t\t\t\t\t\t<\/div>\n\t\t\t\t<\/div>\n\t\t\t\t\t<\/div>\n\t\t<\/div>\n\t\t\t\t\t<\/div>\n\t\t<\/section>\n\t\t\t\t<section class=\"elementor-section elementor-top-section elementor-element elementor-element-cdb5203 elementor-section-content-middle elementor-hidden-desktop elementor-hidden-tablet elementor-hidden-mobile elementor-section-boxed elementor-section-height-default elementor-section-height-default\" data-id=\"cdb5203\" data-element_type=\"section\" data-settings=\"{&quot;background_background&quot;:&quot;classic&quot;}\">\n\t\t\t\t\t\t<div class=\"elementor-container elementor-column-gap-default\">\n\t\t\t\t\t<div class=\"elementor-column elementor-col-50 elementor-top-column elementor-element elementor-element-afd4025\" data-id=\"afd4025\" data-element_type=\"column\">\n\t\t\t<div class=\"elementor-widget-wrap elementor-element-populated\">\n\t\t\t\t\t\t<div class=\"elementor-element elementor-element-34f7a0b elementor-widget elementor-widget-image\" data-id=\"34f7a0b\" data-element_type=\"widget\" data-widget_type=\"image.default\">\n\t\t\t\t<div class=\"elementor-widget-container\">\n\t\t\t\t\t\t\t\t\t\t\t\t\t\t\t<img decoding=\"async\" width=\"583\" height=\"358\" src=\"https:\/\/www.clickhorse-marketing.com\/wp-content\/uploads\/2023\/10\/Ontwerp-zonder-titel-1.jpg\" class=\"attachment-full size-full wp-image-6983\" alt=\"\" srcset=\"https:\/\/www.clickhorse-marketing.com\/wp-content\/uploads\/2023\/10\/Ontwerp-zonder-titel-1.jpg 583w, https:\/\/www.clickhorse-marketing.com\/wp-content\/uploads\/2023\/10\/Ontwerp-zonder-titel-1-300x184.jpg 300w\" sizes=\"(max-width: 583px) 100vw, 583px\" \/>\t\t\t\t\t\t\t\t\t\t\t\t\t\t\t<\/div>\n\t\t\t\t<\/div>\n\t\t\t\t\t<\/div>\n\t\t<\/div>\n\t\t\t\t<div class=\"elementor-column elementor-col-50 elementor-top-column elementor-element elementor-element-c3da1ab\" data-id=\"c3da1ab\" data-element_type=\"column\">\n\t\t\t<div class=\"elementor-widget-wrap elementor-element-populated\">\n\t\t\t\t\t\t<div class=\"elementor-element elementor-element-5eefcf5 elementor-widget elementor-widget-heading\" data-id=\"5eefcf5\" data-element_type=\"widget\" data-widget_type=\"heading.default\">\n\t\t\t\t<div class=\"elementor-widget-container\">\n\t\t\t\t\t<h2 class=\"elementor-heading-title elementor-size-default\">Herunterladen<\/h2>\t\t\t\t<\/div>\n\t\t\t\t<\/div>\n\t\t\t\t<div class=\"elementor-element elementor-element-a212c27 elementor-widget elementor-widget-text-editor\" data-id=\"a212c27\" data-element_type=\"widget\" data-widget_type=\"text-editor.default\">\n\t\t\t\t<div class=\"elementor-widget-container\">\n\t\t\t\t\t\t\t\t\t<p>Wir haben f\u00fcr euch mehrere kostenlose Downloads bereitgestellt, mit denen ihr sofort mehr \u00fcber Online-Marketing erfahren k\u00f6nnt. Diese stehen euch gr\u00f6\u00dftenteils kostenlos zur Verf\u00fcgung.<\/p>\t\t\t\t\t\t\t\t<\/div>\n\t\t\t\t<\/div>\n\t\t\t\t<div class=\"elementor-element elementor-element-ecf9e22 elementor-align-left elementor-widget elementor-widget-button\" data-id=\"ecf9e22\" data-element_type=\"widget\" data-widget_type=\"button.default\">\n\t\t\t\t<div class=\"elementor-widget-container\">\n\t\t\t\t\t\t\t\t\t<div class=\"elementor-button-wrapper\">\n\t\t\t\t\t<a class=\"elementor-button elementor-button-link elementor-size-sm\" href=\"#\">\n\t\t\t\t\t\t<span class=\"elementor-button-content-wrapper\">\n\t\t\t\t\t\t\t\t\t<span class=\"elementor-button-text\">Das m\u00f6chte ich sehen<\/span>\n\t\t\t\t\t<\/span>\n\t\t\t\t\t<\/a>\n\t\t\t\t<\/div>\n\t\t\t\t\t\t\t\t<\/div>\n\t\t\t\t<\/div>\n\t\t\t\t\t<\/div>\n\t\t<\/div>\n\t\t\t\t\t<\/div>\n\t\t<\/section>\n\t\t\t\t<\/div>\n\t\t","protected":false},"excerpt":{"rendered":"<p>Kostenloses Wissen f\u00fcr euch Die Weitergabe von Wissen liegt in unserer DNA Wissensblog In unserem Wissensblog findet ihr eine F\u00fclle von Tipps und Tricks f\u00fcr das Online-Marketing im Pferdesportbereich. Wir ver\u00f6ffentlichen regelm\u00e4\u00dfig Artikel zu verschiedenen Themen, die ihr sofort in der Praxis anwenden k\u00f6nnt. Egal, ob ihr lernen m\u00f6chtet, wie ihr soziale Medien effektiv nutzen, [&hellip;]<\/p>\n","protected":false},"author":1,"featured_media":0,"parent":0,"menu_order":0,"comment_status":"closed","ping_status":"closed","template":"","meta":{"footnotes":""},"class_list":["post-7293","page","type-page","status-publish","hentry"],"aioseo_notices":[],"_links":{"self":[{"href":"https:\/\/www.clickhorse-marketing.com\/de\/wp-json\/wp\/v2\/pages\/7293","targetHints":{"allow":["GET"]}}],"collection":[{"href":"https:\/\/www.clickhorse-marketing.com\/de\/wp-json\/wp\/v2\/pages"}],"about":[{"href":"https:\/\/www.clickhorse-marketing.com\/de\/wp-json\/wp\/v2\/types\/page"}],"author":[{"embeddable":true,"href":"https:\/\/www.clickhorse-marketing.com\/de\/wp-json\/wp\/v2\/users\/1"}],"replies":[{"embeddable":true,"href":"https:\/\/www.clickhorse-marketing.com\/de\/wp-json\/wp\/v2\/comments?post=7293"}],"version-history":[{"count":32,"href":"https:\/\/www.clickhorse-marketing.com\/de\/wp-json\/wp\/v2\/pages\/7293\/revisions"}],"predecessor-version":[{"id":10935,"href":"https:\/\/www.clickhorse-marketing.com\/de\/wp-json\/wp\/v2\/pages\/7293\/revisions\/10935"}],"wp:attachment":[{"href":"https:\/\/www.clickhorse-marketing.com\/de\/wp-json\/wp\/v2\/media?parent=7293"}],"curies":[{"name":"wp","href":"https:\/\/api.w.org\/{rel}","templated":true}]}}